{"id":305,"date":"2021-05-07T08:23:33","date_gmt":"2021-05-07T08:23:33","guid":{"rendered":"http:\/\/efsv.ch\/new_efsv\/?page_id=305"},"modified":"2026-03-26T10:00:59","modified_gmt":"2026-03-26T10:00:59","slug":"home","status":"publish","type":"page","link":"https:\/\/efsv.ch\/","title":{"rendered":"Home"},"content":{"rendered":"\n<p class=\"has-text-align-left\">*************************************************************************************************<\/p>\n\n\n\n<h2 class=\"wp-block-heading\">NEWS&nbsp;<\/h2>\n\n\n\n<p>*************************************************************************************************<\/p>\n\n\n\n<h2 class=\"wp-block-heading has-text-align-center\"><strong>Jahresprogramm Frauenschwingen<\/strong> <br><strong>\ud83c\udf3f\u200b\ud83c\udf3f\u200b\ud83c\udf3f\u200b\ud83c\udf3f\u200b\ud83c\udf3f\u200b\ud83c\udf3f\u200b\ud83c\udf3f\u200b\ud83c\udf3f\u200b<\/strong> <br><strong>Programme annuel Lutte suisse f\u00e9minine<\/strong><br><strong>\u21d22026\u21d0&nbsp;<\/strong><\/h2>\n\n\n\n<table>\n<tr> <th> Sa. 24. Januar <\/th> <th> Nationaler Trainingstag \/\/ Journ\u00e9e nationale d&#8217;entra\u00eenement <\/th><th> Goldau SZ <\/th><\/tr>\n<tr> <th><\/th> <th><\/th><th><\/th><\/tr>\n<tr> <th> So. 8. Februar <\/th> <th> Delegiertenversammlung EFSV \/\/ Assembl\u00e9e des d\u00e9l\u00e9gu\u00e9-e-s AFLSF<\/th><th> Wyssachen BE <\/th><\/tr>\n<tr> <th><\/th> <th><\/th><th><\/th><\/tr>\n<tr> <th> Sa. 16. Mai <\/th> <th>1\u00e8re F\u00eate de lutte suisse f\u00e9minine Cousset FR <\/th><th> F\u00eate \u00e0 couronnes <\/th><\/tr>\n<tr> <th> Sa. 20. Juni <\/th> <th>1. Frauen- und Meitlischwingfest Zetzwil AG <\/th><th> Kranzfest <\/th><\/tr>\n<tr> <th> Sa. 4. Juli <\/th> <th>1\u00e8re F\u00eate de lutte suisse f\u00e9minine Gingins VD <\/th><th> F\u00eate \u00e0 couronnes <\/th><\/tr>\n<tr> <th> Sa. 11. Juli <\/th> <th>1\u00e8re F\u00eate de lutte suisse f\u00e9minine Le Cr\u00eat-pr\u00e8s-Semsales FR <\/th><th> F\u00eate \u00e0 couronnes <\/th><\/tr>\n<tr> <th> Sa. 25. Juli <\/th> <th>1\u00e8re F\u00eate de lutte suisse f\u00e9minine Freiburg\/Fribourg FR <\/th><th> F\u00eate \u00e0 couronnes <\/th><\/tr>\n<tr> <th> Sa. 1. August <\/th> <th>2. Frauen- und Meitlischwingfest Zofingen AG <\/th><th> Kranzfest <\/th><\/tr>\n<tr> <th> Sa. 15. August <\/th> <th>1. Frauen- und Meitlischwingfest Hochdorf LU <\/th><th> Kranzfest <\/th><\/tr>\n<tr> <th> Sa. 29. August <\/th> <th>2 \u00b0 Festa die Lotta Svizzera Femminile Bellinzona TI <\/th><th> Festa con corona <\/th><\/tr>\n<tr><th><\/th> <th><\/th><th><\/th><\/tr>\n<tr> <th> Sa. 26. September <\/th> <th> Eidgen\u00f6ssisches Frauen- und Meitlischwingfest \n<br>F\u00eate F\u00e9d\u00e9rale de lutte suisse f\u00e9minine <\/th><th> Schachen LU <\/th><\/tr>\n<\/table>\n\n\n\n<p><strong><a href=\"https:\/\/efsv.ch\/wp-content\/uploads\/2025\/11\/Jahresprogramm-EFSV-2026.pdf\" target=\"_blank\" rel=\"noopener\" title=\"\">\u21d2Jahresprogramm zum Download \/\/ Programme annuel \u00e0 t\u00e9l\u00e9charger\u21d0<\/a><\/strong><br><\/p>\n\n\n\n<div class=\"wp-block-group is-vertical is-layout-flex wp-container-core-group-is-layout-8cf370e7 wp-block-group-is-layout-flex\">\n<div class=\"wp-block-group is-vertical is-layout-flex wp-container-core-group-is-layout-8cf370e7 wp-block-group-is-layout-flex\">\n<p class=\"has-text-align-left\"><strong>___________________________________________________________________________________________<\/strong><\/p>\n<\/div>\n<\/div>\n\n\n\n<div class=\"wp-block-group is-vertical is-layout-flex wp-container-core-group-is-layout-8cf370e7 wp-block-group-is-layout-flex\">\n<p><strong>Eidgen\u00f6ssisches Frauen- und Meitlischwingfest Huttwil BE, 24. August 2025<\/strong><\/p>\n\n\n\n<figure class=\"wp-block-gallery has-nested-images columns-default is-cropped wp-block-gallery-1 is-layout-flex wp-block-gallery-is-layout-flex\">\n<figure class=\"wp-block-image size-large\"><img loading=\"lazy\" decoding=\"async\" width=\"1024\" height=\"682\" data-id=\"3689\" src=\"https:\/\/efsv.ch\/wp-content\/uploads\/2025\/08\/Gaeumann-Jasmin-oben-im-2.-Gang-gegen-Egger-Clara-Gaeumann-gewinnt.-Foto-Rene-Nussbaumer-1024x682.jpeg\" alt=\"\" class=\"wp-image-3689\" srcset=\"https:\/\/efsv.ch\/wp-content\/uploads\/2025\/08\/Gaeumann-Jasmin-oben-im-2.-Gang-gegen-Egger-Clara-Gaeumann-gewinnt.-Foto-Rene-Nussbaumer-1024x682.jpeg 1024w, https:\/\/efsv.ch\/wp-content\/uploads\/2025\/08\/Gaeumann-Jasmin-oben-im-2.-Gang-gegen-Egger-Clara-Gaeumann-gewinnt.-Foto-Rene-Nussbaumer-300x200.jpeg 300w, https:\/\/efsv.ch\/wp-content\/uploads\/2025\/08\/Gaeumann-Jasmin-oben-im-2.-Gang-gegen-Egger-Clara-Gaeumann-gewinnt.-Foto-Rene-Nussbaumer-768x512.jpeg 768w, https:\/\/efsv.ch\/wp-content\/uploads\/2025\/08\/Gaeumann-Jasmin-oben-im-2.-Gang-gegen-Egger-Clara-Gaeumann-gewinnt.-Foto-Rene-Nussbaumer-1536x1024.jpeg 1536w, https:\/\/efsv.ch\/wp-content\/uploads\/2025\/08\/Gaeumann-Jasmin-oben-im-2.-Gang-gegen-Egger-Clara-Gaeumann-gewinnt.-Foto-Rene-Nussbaumer.jpeg 2000w\" sizes=\"auto, (max-width: 1024px) 100vw, 1024px\" \/><\/figure>\n\n\n\n<figure class=\"wp-block-image size-large\"><img loading=\"lazy\" decoding=\"async\" width=\"1024\" height=\"682\" data-id=\"3688\" src=\"https:\/\/efsv.ch\/wp-content\/uploads\/2025\/08\/Schwingerkoenigin-Gaeumann-Jasmin-Portraet-querformatFoto-Rene-Nussbaumer-1024x682.jpeg\" alt=\"\" class=\"wp-image-3688\" srcset=\"https:\/\/efsv.ch\/wp-content\/uploads\/2025\/08\/Schwingerkoenigin-Gaeumann-Jasmin-Portraet-querformatFoto-Rene-Nussbaumer-1024x682.jpeg 1024w, https:\/\/efsv.ch\/wp-content\/uploads\/2025\/08\/Schwingerkoenigin-Gaeumann-Jasmin-Portraet-querformatFoto-Rene-Nussbaumer-300x200.jpeg 300w, https:\/\/efsv.ch\/wp-content\/uploads\/2025\/08\/Schwingerkoenigin-Gaeumann-Jasmin-Portraet-querformatFoto-Rene-Nussbaumer-768x512.jpeg 768w, https:\/\/efsv.ch\/wp-content\/uploads\/2025\/08\/Schwingerkoenigin-Gaeumann-Jasmin-Portraet-querformatFoto-Rene-Nussbaumer-1536x1024.jpeg 1536w, https:\/\/efsv.ch\/wp-content\/uploads\/2025\/08\/Schwingerkoenigin-Gaeumann-Jasmin-Portraet-querformatFoto-Rene-Nussbaumer.jpeg 2000w\" sizes=\"auto, (max-width: 1024px) 100vw, 1024px\" \/><\/figure>\n\n\n\n<figure class=\"wp-block-image size-large\"><img loading=\"lazy\" decoding=\"async\" width=\"1024\" height=\"682\" data-id=\"3690\" src=\"https:\/\/efsv.ch\/wp-content\/uploads\/2025\/08\/Die-vier-Jahresbesten-v.l-Graf-Svenja-Zwergli.-Kuenzi-NIna-Meitli-2-Ayer-Audrey-Meitli-1-und-Schwignerkoenigin-Gaeumann-JasminFoto-Rene-Nussbaumer-1024x682.jpeg\" alt=\"\" class=\"wp-image-3690\" srcset=\"https:\/\/efsv.ch\/wp-content\/uploads\/2025\/08\/Die-vier-Jahresbesten-v.l-Graf-Svenja-Zwergli.-Kuenzi-NIna-Meitli-2-Ayer-Audrey-Meitli-1-und-Schwignerkoenigin-Gaeumann-JasminFoto-Rene-Nussbaumer-1024x682.jpeg 1024w, https:\/\/efsv.ch\/wp-content\/uploads\/2025\/08\/Die-vier-Jahresbesten-v.l-Graf-Svenja-Zwergli.-Kuenzi-NIna-Meitli-2-Ayer-Audrey-Meitli-1-und-Schwignerkoenigin-Gaeumann-JasminFoto-Rene-Nussbaumer-300x200.jpeg 300w, https:\/\/efsv.ch\/wp-content\/uploads\/2025\/08\/Die-vier-Jahresbesten-v.l-Graf-Svenja-Zwergli.-Kuenzi-NIna-Meitli-2-Ayer-Audrey-Meitli-1-und-Schwignerkoenigin-Gaeumann-JasminFoto-Rene-Nussbaumer-768x512.jpeg 768w, https:\/\/efsv.ch\/wp-content\/uploads\/2025\/08\/Die-vier-Jahresbesten-v.l-Graf-Svenja-Zwergli.-Kuenzi-NIna-Meitli-2-Ayer-Audrey-Meitli-1-und-Schwignerkoenigin-Gaeumann-JasminFoto-Rene-Nussbaumer-1536x1024.jpeg 1536w, https:\/\/efsv.ch\/wp-content\/uploads\/2025\/08\/Die-vier-Jahresbesten-v.l-Graf-Svenja-Zwergli.-Kuenzi-NIna-Meitli-2-Ayer-Audrey-Meitli-1-und-Schwignerkoenigin-Gaeumann-JasminFoto-Rene-Nussbaumer.jpeg 2000w\" sizes=\"auto, (max-width: 1024px) 100vw, 1024px\" \/><\/figure>\n<\/figure>\n\n\n\n<h2 class=\"wp-block-heading\"><strong>Die neue Schwingerk\u00f6nigin heisst G\u00e4umann Jasmin<\/strong><\/h2>\n\n\n\n<p>Zum Schluss des Eidgen\u00f6ssischen Frauen- und Meitlischwingfests in Huttwil BE hat der EFSV eine neue Schwingerk\u00f6nigin gekr\u00f6nt. G\u00e4umann Jasmin konnte ihren Vorsprung \u00fcbers Fest retten und ist erstmal die B\u00f6seste von allen. Bei den Zwergli gewann Graf Svenja den goldenen Zweig, bei den Meilti 2 K\u00fcnzi Nina und bei den Meitli 1 Ayer Audrey. <strong><a href=\"https:\/\/efsv.ch\/index.php\/eidgenoessisches-frauen-und-meitlischwingfest-huttwil-am-24-august-2025\/\" title=\"\">\u21d2HIer gehts zu den Ranglisten, Berichten und Bildern.\u21d0<\/a><\/strong><\/p>\n\n\n\n<p>********************************<\/p>\n\n\n\n<h2 class=\"wp-block-heading\"><strong>La nouvelle Reine de lutte est G\u00e4umann Jasmin<\/strong><\/h2>\n\n\n\n<p>Apr\u00e9s la F\u00eate f\u00e9derale de lutte suisse f\u00e9minine \u00e0 Huttwil (BE), l&#8217;AFLSF a couronn\u00e9 une nouvelle Reine de la lutte. G\u00e4umann Jasmin a su conserver son avance tout au long de la f\u00eate et est d\u00e9sormais la plus forte de toutes. Chez les Zwergli, Graf Svenja a remport\u00e9 la palme d&#8217;or, chez les Meilti 2, K\u00fcnzi Nina et chez les Meitli 1, Ayer Audrey. <a href=\"https:\/\/efsv.ch\/index.php\/eidgenoessisches-frauen-und-meitlischwingfest-huttwil-am-24-august-2025\/\" target=\"_blank\" rel=\"noopener\" title=\"\"><strong>\u21d2Cliquez ici pour consulter les classements, le compte rendu et les photos\u21d0<\/strong><\/a><\/p>\n\n\n\n<p><strong>___________________________________________________________________________________________<\/strong><\/p>\n<\/div>\n\n\n\n<p class=\"has-medium-font-size\"><strong><a href=\"https:\/\/efsv.ch\/index.php\/news-archiv\/\" data-type=\"link\" data-id=\"https:\/\/efsv.ch\/index.php\/news-archiv\/\" target=\"_blank\" rel=\"noreferrer noopener\">\u21d2Hier gehts zum News Archiv\u21d0<\/a><\/strong><\/p>\n\n\n\n<p><\/p>\n","protected":false},"excerpt":{"rendered":"<p>************************************************************************************************* NEWS&nbsp; ************************************************************************************************* Jahresprogramm Frauenschwingen \ud83c\udf3f\u200b\ud83c\udf3f\u200b\ud83c\udf3f\u200b\ud83c\udf3f\u200b\ud83c\udf3f\u200b\ud83c\udf3f\u200b\ud83c\udf3f\u200b\ud83c\udf3f\u200b Programme annuel Lutte suisse f\u00e9minine\u21d22026\u21d0&nbsp; Sa. 24. Januar Nationaler Trainingstag \/\/ Journ\u00e9e nationale d&#8217;entra\u00eenement Goldau SZ So. 8. Februar Delegiertenversammlung EFSV \/\/ Assembl\u00e9e des d\u00e9l\u00e9gu\u00e9-e-s AFLSF Wyssachen BE Sa. 16. Mai 1\u00e8re F\u00eate de &hellip; <a href=\"https:\/\/efsv.ch\/\">Weiter<\/a><\/p>\n","protected":false},"author":1,"featured_media":0,"parent":0,"menu_order":0,"comment_status":"closed","ping_status":"closed","template":"","meta":{"om_disable_all_campaigns":false,"kt_blocks_editor_width":"","_monsterinsights_skip_tracking":false,"_monsterinsights_sitenote_active":false,"_monsterinsights_sitenote_note":"","_monsterinsights_sitenote_category":0,"ngg_post_thumbnail":0,"footnotes":""},"class_list":["post-305","page","type-page","status-publish","hentry"],"aioseo_notices":[],"jetpack_sharing_enabled":true,"_links":{"self":[{"href":"https:\/\/efsv.ch\/index.php\/wp-json\/wp\/v2\/pages\/305","targetHints":{"allow":["GET"]}}],"collection":[{"href":"https:\/\/efsv.ch\/index.php\/wp-json\/wp\/v2\/pages"}],"about":[{"href":"https:\/\/efsv.ch\/index.php\/wp-json\/wp\/v2\/types\/page"}],"author":[{"embeddable":true,"href":"https:\/\/efsv.ch\/index.php\/wp-json\/wp\/v2\/users\/1"}],"replies":[{"embeddable":true,"href":"https:\/\/efsv.ch\/index.php\/wp-json\/wp\/v2\/comments?post=305"}],"version-history":[{"count":413,"href":"https:\/\/efsv.ch\/index.php\/wp-json\/wp\/v2\/pages\/305\/revisions"}],"predecessor-version":[{"id":3876,"href":"https:\/\/efsv.ch\/index.php\/wp-json\/wp\/v2\/pages\/305\/revisions\/3876"}],"wp:attachment":[{"href":"https:\/\/efsv.ch\/index.php\/wp-json\/wp\/v2\/media?parent=305"}],"curies":[{"name":"wp","href":"https:\/\/api.w.org\/{rel}","templated":true}]}}