{"id":577,"date":"2021-05-13T19:18:54","date_gmt":"2021-05-13T19:18:54","guid":{"rendered":"http:\/\/staging.efsv.ch\/?page_id=577"},"modified":"2026-03-26T09:44:48","modified_gmt":"2026-03-26T09:44:48","slug":"medien","status":"publish","type":"page","link":"https:\/\/efsv.ch\/index.php\/medien\/","title":{"rendered":"Fotogalerien bis 2024"},"content":{"rendered":"<h1>2025<\/h1>\n<h3>Trainingstag in Trub &#8211; Journ\u00e9e d&#8217;entra\u00eenement \u00e0 Trub<\/h3>\n<h4>18. Januar 2025<\/h4>\n<p>Bilder: EFSV<\/p>\nngg_shortcode_0_placeholder\n<h1>2024<\/h1>\n<h3>Sion VS &#8211; Eidgen\u00f6ssisches 2024<\/h3>\n<p>Bilder: EFSV, Priska Hafner, Reto Meier<\/p>\nngg_shortcode_1_placeholderMehr Bilder gibt es <a href=\"https:\/\/efsv.ch\/index.php\/weitere-fotos\/\" target=\"_blank\" rel=\"noopener\">hier<\/a><\/p>\n<h3>Oberthal BE<\/h3>\n<p>Bilder: EFSV<\/p>\nngg_shortcode_2_placeholderMehr Bilder gibt es <a href=\"https:\/\/efsv.ch\/index.php\/weitere-fotos\/\" target=\"_blank\" rel=\"noopener\">hier<\/a>.<\/p>\n<h3>Boveresse NE<\/h3>\n<p>Bilder: Raymond Stalder.<\/p>\nngg_shortcode_3_placeholderMehr Bilder gibt es <a href=\"https:\/\/efsv.ch\/index.php\/weitere-fotos\/\" target=\"_blank\" rel=\"noopener\">hier<\/a>.<\/p>\n<p>&nbsp;<\/p>\n<h3>Lac-des-Joncs FR<\/h3>\nngg_shortcode_4_placeholderBilder in besserer Aufl\u00f6sung gibt es <a href=\"https:\/\/efsv.ch\/index.php\/weitere-fotos\/\" target=\"_blank\" rel=\"noopener\">hier<\/a>.<\/p>\n<p>&nbsp;<\/p>\n<h3>Menzingen ZG<\/h3>\n<p>Bilder: Ren\u00e9 Nussbaumer<\/p>\nngg_shortcode_5_placeholder\n<h3>Pal\u00e9zieux VD<\/h3>\nngg_shortcode_6_placeholder\n<h3>Bazenheid SG<\/h3>\n<p>Bilder: Ren\u00e9 Nussbaumer<\/p>\nngg_shortcode_7_placeholder\n<h3>Eggiwil BE<\/h3>\nngg_shortcode_8_placeholder\n<h3>Oftringen AG<\/h3>\nngg_shortcode_9_placeholder\n<h3>Frasses FR<\/h3>\nngg_shortcode_10_placeholder\n<h3>Amden SG<\/h3>\n<p>Bilder: Ren\u00e9 Nussbaumer<\/p>\nngg_shortcode_11_placeholder\n<h3>Corcelles<\/h3>\n<p>&nbsp;<\/p>\nngg_shortcode_12_placeholder\n<h2>&nbsp;<\/h2>\n<h1>2023<\/h1>\n<h3>Gr\u00e4chen<\/h3>\n<p>Bilder: Ren\u00e9 Nussbaumer<\/p>\nngg_shortcode_13_placeholder\n<h2>&nbsp;<\/h2>\n<h3>Uezwil<\/h3>\n<p>Bilder: Ren\u00e9 Nussbaumer<\/p>\nngg_shortcode_14_placeholder\n<h1>&nbsp;<\/h1>\n<h1>2022<\/h1>\n<h3>Uezwil<\/h3>\nngg_shortcode_15_placeholder\n<h2>&nbsp;<\/h2>\n<h3>G\u00f6schenen<\/h3>\nngg_shortcode_16_placeholder\n<h2>&nbsp;<\/h2>\n<h3>Boveresse<\/h3>\nngg_shortcode_17_placeholder\n<h2>&nbsp;<\/h2>\n<h3>Porsel<\/h3>\nngg_shortcode_18_placeholder\n<h2>&nbsp;<\/h2>\n<h3>Kandersteg<\/h3>\nngg_shortcode_19_placeholder\n<h2>&nbsp;<\/h2>\n<h3>Rothenburg<\/h3>\nngg_shortcode_20_placeholder\n<h2>&nbsp;<\/h2>\n<h3>Portalban<\/h3>\nngg_shortcode_21_placeholder\n<h2>&nbsp;<\/h2>\n<h1>2021<\/h1>\n<h3>Huttwil<\/h3>\nngg_shortcode_22_placeholder\n<h2>Couvet<\/h2>\nngg_shortcode_23_placeholder\n<h1>&nbsp;<\/h1>\n<p>&nbsp;<\/p>\n","protected":false},"excerpt":{"rendered":"<p>2025 Trainingstag in Trub &#8211; Journ\u00e9e d&#8217;entra\u00eenement \u00e0 Trub 18. Januar 2025 Bilder: EFSV &nbsp; 2024 Sion VS &#8211; Eidgen\u00f6ssisches 2024 Bilder: EFSV, Priska Hafner, Reto Meier Mehr Bilder gibt es hier Oberthal BE Bilder: EFSV Mehr Bilder gibt es &hellip; <a href=\"https:\/\/efsv.ch\/index.php\/medien\/\">Weiter<\/a><\/p>\n","protected":false},"author":1,"featured_media":0,"parent":0,"menu_order":0,"comment_status":"closed","ping_status":"closed","template":"","meta":{"om_disable_all_campaigns":false,"kt_blocks_editor_width":"","_monsterinsights_skip_tracking":false,"_monsterinsights_sitenote_active":false,"_monsterinsights_sitenote_note":"","_monsterinsights_sitenote_category":0,"ngg_post_thumbnail":0,"footnotes":""},"class_list":["post-577","page","type-page","status-publish","hentry"],"aioseo_notices":[],"jetpack_sharing_enabled":true,"_links":{"self":[{"href":"https:\/\/efsv.ch\/index.php\/wp-json\/wp\/v2\/pages\/577","targetHints":{"allow":["GET"]}}],"collection":[{"href":"https:\/\/efsv.ch\/index.php\/wp-json\/wp\/v2\/pages"}],"about":[{"href":"https:\/\/efsv.ch\/index.php\/wp-json\/wp\/v2\/types\/page"}],"author":[{"embeddable":true,"href":"https:\/\/efsv.ch\/index.php\/wp-json\/wp\/v2\/users\/1"}],"replies":[{"embeddable":true,"href":"https:\/\/efsv.ch\/index.php\/wp-json\/wp\/v2\/comments?post=577"}],"version-history":[{"count":66,"href":"https:\/\/efsv.ch\/index.php\/wp-json\/wp\/v2\/pages\/577\/revisions"}],"predecessor-version":[{"id":3870,"href":"https:\/\/efsv.ch\/index.php\/wp-json\/wp\/v2\/pages\/577\/revisions\/3870"}],"wp:attachment":[{"href":"https:\/\/efsv.ch\/index.php\/wp-json\/wp\/v2\/media?parent=577"}],"curies":[{"name":"wp","href":"https:\/\/api.w.org\/{rel}","templated":true}]}}